{"id":882,"date":"2024-06-29T11:12:41","date_gmt":"2024-06-29T11:12:41","guid":{"rendered":"http:\/\/xtratheme.com\/default\/?page_id=11"},"modified":"2025-10-11T04:30:43","modified_gmt":"2025-10-11T04:30:43","slug":"service","status":"publish","type":"page","link":"https:\/\/shadysafwat-neuroclinic.com\/de\/service\/","title":{"rendered":"Dienstleistungen"},"content":{"rendered":"<div data-elementor-type=\"wp-page\" data-elementor-id=\"882\" class=\"elementor elementor-882\">\n\t\t\t\t\t\t<section class=\"elementor-section elementor-top-section elementor-element elementor-element-d2969f5 elementor-section-boxed elementor-section-height-default elementor-section-height-default\" data-id=\"d2969f5\" data-element_type=\"section\">\n\t\t\t\t\t\t<div class=\"elementor-container elementor-column-gap-default\">\n\t\t\t\t\t<div class=\"elementor-column elementor-col-100 elementor-top-column elementor-element elementor-element-9ae2272\" data-id=\"9ae2272\" data-element_type=\"column\">\n\t\t\t<div class=\"elementor-widget-wrap elementor-element-populated\">\n\t\t\t\t\t\t<div class=\"elementor-element elementor-element-b919f77 elementor-widget elementor-widget-cz_title\" data-id=\"b919f77\" data-element_type=\"widget\" data-settings=\"{&quot;_animation_mobile&quot;:&quot;fadeIn&quot;}\" data-widget_type=\"cz_title.default\">\n\t\t\t\t<div class=\"elementor-widget-container\">\n\t\t\t\t\t\t\r\n\t\t<div>\r\n\t\t\t<div class=\"cz_title clr cz_title_pos_inline tac\"><div class=\"cz_title_content\"><div class=\"cz_wpe_content\"><h2 style=\"text-align: center;\">Unsere Leistungen<\/h2><p style=\"text-align: center;\">Das beste medizinische Zentrum mit \u00fcber 18 Jahren Erfahrung<\/p><\/div><\/div><\/div>\r\n\t\t<\/div>\r\n\t\t\r\n\t\t\t\t\t\t<\/div>\n\t\t\t\t<\/div>\n\t\t\t\t\t<\/div>\n\t\t<\/div>\n\t\t\t\t\t<\/div>\n\t\t<\/section>\n\t\t<div class=\"elementor-element elementor-element-ae7a203 e-flex e-con-boxed e-con e-parent\" data-id=\"ae7a203\" data-element_type=\"container\">\n\t\t\t\t\t<div class=\"e-con-inner\">\n\t\t\t\t<div class=\"elementor-element elementor-element-9e18900 wpb_start_animation cz_brfx_up e-transform elementor-widget elementor-widget-cz_stylish_list\" data-id=\"9e18900\" data-element_type=\"widget\" data-settings=\"{&quot;_animation_mobile&quot;:&quot;fadeInUp&quot;,&quot;_transform_rotateZ_effect_hover_mobile&quot;:{&quot;unit&quot;:&quot;deg&quot;,&quot;size&quot;:0,&quot;sizes&quot;:[]},&quot;_transform_rotateZ_effect_hover&quot;:{&quot;unit&quot;:&quot;px&quot;,&quot;size&quot;:&quot;&quot;,&quot;sizes&quot;:[]},&quot;_transform_rotateZ_effect_hover_tablet&quot;:{&quot;unit&quot;:&quot;deg&quot;,&quot;size&quot;:&quot;&quot;,&quot;sizes&quot;:[]}}\" data-widget_type=\"cz_stylish_list.default\">\n\t\t\t\t<div class=\"elementor-widget-container\">\n\t\t\t\t\t<ul class=\"cz_stylish_list clr center_on_mobile cz_sl_icon_hover_zoom_in_fade\"><li class=\"elementor-repeater-item-10d433b clr\"><a href=\"#\"><div class=\"cz_sl_icon\"><i class=\"mr10 czi czico-101-tick-1\"><\/i><\/div><div><span>St\u00f6rungen der Gehirnstromaktivit\u00e4t<small>Diagnose und Behandlung von Epilepsie, Krampfanf\u00e4llen und St\u00f6rungen der Gehirnstromaktivit\u00e4t<\/small><\/span><\/div><\/a><\/li><li class=\"elementor-repeater-item-524c590 clr\"><a href=\"#\"><div class=\"cz_sl_icon\"><i class=\"mr10 czi czico-101-tick-1\"><\/i><\/div><div><span>Hyperaktivit\u00e4t und Aufmerksamkeitsdefizit<small>Diagnose und Behandlung von ADHS, Konzentrationsmangel und Lernschwierigkeiten bei Kindern.<\/small><\/span><\/div><\/a><\/li><li class=\"elementor-repeater-item-bc2dd6d clr\"><a href=\"#\"><div class=\"cz_sl_icon\"><i class=\"mr10 czi czico-101-tick-1\"><\/i><\/div><div><span>Autismus und Gehirnatrophie<small>Betreuung und Behandlung von Autismus-Spektrum-St\u00f6rungen, Gehirnatrophie und deren Auswirkungen auf die neurologische und motorische Entwicklung.<\/small><\/span><\/div><\/a><\/li><li class=\"elementor-repeater-item-8eed8ae clr\"><a href=\"#\"><div class=\"cz_sl_icon\"><i class=\"mr10 czi czico-101-tick-1\"><\/i><\/div><div><span>Botox-Injektionen zur Behandlung von Zerebralparese<small>Zur Verbesserung des Sitzens, Gehens, Essens und Spielens bei Kindern mit Zerebralparese und Muskelsteifheit.<\/small><\/span><\/div><\/a><\/li><\/ul>\t\t\t\t<\/div>\n\t\t\t\t<\/div>\n\t\t\t\t<div class=\"elementor-element elementor-element-a72fafb elementor-widget elementor-widget-cz_stylish_list\" data-id=\"a72fafb\" data-element_type=\"widget\" data-settings=\"{&quot;_animation_mobile&quot;:&quot;fadeInRight&quot;}\" data-widget_type=\"cz_stylish_list.default\">\n\t\t\t\t<div class=\"elementor-widget-container\">\n\t\t\t\t\t<ul class=\"cz_stylish_list clr center_on_mobile cz_sl_icon_hover_zoom_in_fade\"><li class=\"elementor-repeater-item-10d433b clr\"><a href=\"#\"><div class=\"cz_sl_icon\"><i class=\"mr10 czi czico-101-tick-1\"><\/i><\/div><div><span>Sprach- und Gehverz\u00f6gerung<small>Behandlung von Sprach-, Geh- und motorischer Entwicklungsverz\u00f6gerung bei Kindern.<\/small><\/span><\/div><\/a><\/li><li class=\"elementor-repeater-item-524c590 clr\"><a href=\"#\"><div class=\"cz_sl_icon\"><i class=\"mr10 czi czico-101-tick-1\"><\/i><\/div><div><span>Behandlung von Bettn\u00e4ssen<small>F\u00fcr Erwachsene und Kinder mit spezifischen psychischen oder organischen Ursachen.<\/small><\/span><\/div><\/a><\/li><li class=\"elementor-repeater-item-bc2dd6d clr\"><a href=\"#\"><div class=\"cz_sl_icon\"><i class=\"mr10 czi czico-101-tick-1\"><\/i><\/div><div><span>Kopfschmerzen sowie Gesichts- und Kieferschmerzen<small>Behandlung von Migr\u00e4ne, chronischen Kopfschmerzen und Nervenschmerzen im Gesicht und Kiefer.<\/small><\/span><\/div><\/a><\/li><li class=\"elementor-repeater-item-8eed8ae clr\"><a href=\"#\"><div class=\"cz_sl_icon\"><i class=\"mr10 czi czico-101-tick-1\"><\/i><\/div><div><span>R\u00fccken- und Nackenschmerzen<small>Behandlung von Schmerzen im unteren R\u00fccken, Ischias, Schulter- und Nackenschmerzen.<\/small><\/span><\/div><\/a><\/li><\/ul>\t\t\t\t<\/div>\n\t\t\t\t<\/div>\n\t\t\t\t<div class=\"elementor-element elementor-element-08fa846 elementor-widget elementor-widget-cz_stylish_list\" data-id=\"08fa846\" data-element_type=\"widget\" data-settings=\"{&quot;_animation_mobile&quot;:&quot;zoomInUp&quot;}\" data-widget_type=\"cz_stylish_list.default\">\n\t\t\t\t<div class=\"elementor-widget-container\">\n\t\t\t\t\t<ul class=\"cz_stylish_list clr center_on_mobile cz_sl_icon_hover_zoom_in_fade\"><li class=\"elementor-repeater-item-10d433b clr\"><a href=\"#\"><div class=\"cz_sl_icon\"><i class=\"mr10 czi czico-101-tick-1\"><\/i><\/div><div><span>Ged\u00e4chtniserkrankungen und Alterung<small>Behandlung der Alzheimer-Krankheit und des Ged\u00e4chtnisverlusts.<\/small><\/span><\/div><\/a><\/li><li class=\"elementor-repeater-item-524c590 clr\"><a href=\"#\"><div class=\"cz_sl_icon\"><i class=\"mr10 czi czico-101-tick-1\"><\/i><\/div><div><span>Schwindel und Gleichgewichtsst\u00f6rungen<small>Genaue Diagnose und Behandlung von chronischem Schwindel und Vertigo.<\/small><\/span><\/div><\/a><\/li><li class=\"elementor-repeater-item-bc2dd6d clr\"><a href=\"#\"><div class=\"cz_sl_icon\"><i class=\"mr10 czi czico-101-tick-1\"><\/i><\/div><div><span>Schlafst\u00f6rungen<small>Diagnose und Behandlung von Schlaflosigkeit, Schlafst\u00f6rungen und Schlafst\u00f6rungen.<\/small><\/span><\/div><\/a><\/li><li class=\"elementor-repeater-item-8eed8ae clr\"><a href=\"#\"><div class=\"cz_sl_icon\"><i class=\"mr10 czi czico-101-tick-1\"><\/i><\/div><div><span>Schlaganfall und Hirnblutung<small>Behandlung der Folgen von Schlaganf\u00e4llen, Blutungen und neurologische Rehabilitation.<\/small><\/span><\/div><\/a><\/li><\/ul>\t\t\t\t<\/div>\n\t\t\t\t<\/div>\n\t\t\t\t<div class=\"elementor-element elementor-element-50f334f elementor-widget elementor-widget-cz_stylish_list\" data-id=\"50f334f\" data-element_type=\"widget\" data-settings=\"{&quot;_animation_mobile&quot;:&quot;fadeInUp&quot;}\" data-widget_type=\"cz_stylish_list.default\">\n\t\t\t\t<div class=\"elementor-widget-container\">\n\t\t\t\t\t<ul class=\"cz_stylish_list clr center_on_mobile cz_sl_icon_hover_flash\"><li class=\"elementor-repeater-item-10d433b clr\"><a href=\"#\"><div class=\"cz_sl_icon\"><i class=\"mr10 czi czico-101-tick-1\"><\/i><\/div><div><span>R\u00fcckenmarkserkrankungen<small>Diagnose und Behandlung von Hemiplegie, Tetraplegie und R\u00fcckenmarkserkrankungen.<\/small><\/span><\/div><\/a><\/li><li class=\"elementor-repeater-item-524c590 clr\"><a href=\"#\"><div class=\"cz_sl_icon\"><i class=\"mr10 czi czico-101-tick-1\"><\/i><\/div><div><span>Multiple Sklerose<small>Behandlung von Multipler Sklerose und Immunerkrankungen des Nervensystems.<\/small><\/span><\/div><\/a><\/li><li class=\"elementor-repeater-item-bc2dd6d clr\"><a href=\"#\"><div class=\"cz_sl_icon\"><i class=\"mr10 czi czico-101-tick-1\"><\/i><\/div><div><span>periphere Nerven- und Muskelentz\u00fcndung<small>Diagnose und Behandlung von Neuritis, Myasthenia gravis und Muskelerkrankungen.<\/small><\/span><\/div><\/a><\/li><li class=\"elementor-repeater-item-8eed8ae clr\"><a href=\"#\"><div class=\"cz_sl_icon\"><i class=\"mr10 czi czico-101-tick-1\"><\/i><\/div><div><span>Parkinson-Krankheit und Bewegungsst\u00f6rungen<small>Behandlung der Parkinson-Krankheit und Erkrankungen des Bewegungsapparates.<\/small><\/span><\/div><\/a><\/li><\/ul>\t\t\t\t<\/div>\n\t\t\t\t<\/div>\n\t\t\t\t<div class=\"elementor-element elementor-element-da8f1f2 elementor-widget elementor-widget-cz_stylish_list\" data-id=\"da8f1f2\" data-element_type=\"widget\" data-settings=\"{&quot;_animation_mobile&quot;:&quot;fadeInUp&quot;}\" data-widget_type=\"cz_stylish_list.default\">\n\t\t\t\t<div class=\"elementor-widget-container\">\n\t\t\t\t\t<ul class=\"cz_stylish_list clr center_on_mobile cz_sl_icon_hover_zoom_in\"><li class=\"elementor-repeater-item-10d433b clr\"><a href=\"#\"><div class=\"cz_sl_icon\"><i class=\"mr10 czi czico-101-tick-1\"><\/i><\/div><div><span>Behandlung von \u00fcberm\u00e4\u00dfigem Schwitzen mit Botox<small>F\u00fcr Frauen und M\u00e4nner zur Behandlung von \u00fcberm\u00e4\u00dfigem Schwitzen an verschiedenen K\u00f6rperstellen.<\/small><\/span><\/div><\/a><\/li><li class=\"elementor-repeater-item-524c590 clr\"><a href=\"#\"><div class=\"cz_sl_icon\"><i class=\"mr10 czi czico-101-tick-1\"><\/i><\/div><div><span>psychische Erkrankungen<small>Diagnose und Behandlung psychischer St\u00f6rungen wie Depressionen, bipolare St\u00f6rungen, Stress und Zwangsst\u00f6rungen.<\/small><\/span><\/div><\/a><\/li><li class=\"elementor-repeater-item-bc2dd6d clr\"><a href=\"#\"><div class=\"cz_sl_icon\"><i class=\"mr10 czi czico-101-tick-1\"><\/i><\/div><div><span>Diagnostik und Behandlung von Pers\u00f6nlichkeitsst\u00f6rungen und Phobien,<small>Wie zum Beispiel: Schizophrenie, Pers\u00f6nlichkeitsst\u00f6rungen, Panik und Phobien aller Art.<\/small><\/span><\/div><\/a><\/li><li class=\"elementor-repeater-item-8eed8ae clr\"><a href=\"#\"><div class=\"cz_sl_icon\"><i class=\"mr10 czi czico-101-tick-1\"><\/i><\/div><div><span>Parkinson-Krankheit und Bewegungsst\u00f6rungen<small>Behandlung der Parkinson-Krankheit und Erkrankungen des Bewegungsapparates.<\/small><\/span><\/div><\/a><\/li><\/ul>\t\t\t\t<\/div>\n\t\t\t\t<\/div>\n\t\t\t\t\t<\/div>\n\t\t\t\t<\/div>\n\t\t<div class=\"elementor-element elementor-element-9be3c8c e-flex e-con-boxed e-con e-parent\" data-id=\"9be3c8c\" data-element_type=\"container\">\n\t\t\t\t\t<div class=\"e-con-inner\">\n\t\t\t\t<div class=\"elementor-element elementor-element-1b0ac22 elementor-widget elementor-widget-cz_gap\" data-id=\"1b0ac22\" data-element_type=\"widget\" data-widget_type=\"cz_gap.default\">\n\t\t\t\t<div class=\"elementor-widget-container\">\n\t\t\t\t\t<div class=\"cz_gap clr\"><\/div>\t\t\t\t<\/div>\n\t\t\t\t<\/div>\n\t\t\t\t\t<\/div>\n\t\t\t\t<\/div>\n\t\t\t\t<section class=\"elementor-section elementor-top-section elementor-element elementor-element-1b694f43 elementor-section-boxed elementor-section-height-default elementor-section-height-default\" data-id=\"1b694f43\" data-element_type=\"section\">\n\t\t\t\t\t\t<div class=\"elementor-container elementor-column-gap-default\">\n\t\t\t\t\t<div class=\"elementor-column elementor-col-100 elementor-top-column elementor-element elementor-element-fde425 column-xtra-full-before\" data-id=\"fde425\" data-element_type=\"column\">\n\t\t\t<div class=\"elementor-widget-wrap elementor-element-populated\">\n\t\t\t\t\t\t<div class=\"elementor-element elementor-element-3d0a4a3 elementor-widget elementor-widget-cz_gap\" data-id=\"3d0a4a3\" data-element_type=\"widget\" data-widget_type=\"cz_gap.default\">\n\t\t\t\t<div class=\"elementor-widget-container\">\n\t\t\t\t\t<div class=\"cz_gap clr\"><\/div>\t\t\t\t<\/div>\n\t\t\t\t<\/div>\n\t\t\t\t<section class=\"elementor-section elementor-inner-section elementor-element elementor-element-3d4b3cdb elementor-section-boxed elementor-section-height-default elementor-section-height-default\" data-id=\"3d4b3cdb\" data-element_type=\"section\">\n\t\t\t\t\t\t<div class=\"elementor-container elementor-column-gap-default\">\n\t\t\t\t\t<div class=\"elementor-column elementor-col-50 elementor-inner-column elementor-element elementor-element-64af3c3e\" data-id=\"64af3c3e\" data-element_type=\"column\">\n\t\t\t<div class=\"elementor-widget-wrap elementor-element-populated\">\n\t\t\t\t\t\t<div class=\"elementor-element elementor-element-5b3efdf5 elementor-widget__width-initial elementor-widget elementor-widget-cz_image\" data-id=\"5b3efdf5\" data-element_type=\"widget\" data-settings=\"{&quot;_animation_mobile&quot;:&quot;fadeInRight&quot;}\" data-widget_type=\"cz_image.default\">\n\t\t\t\t<div class=\"elementor-widget-container\">\n\t\t\t\t\t\r\n\t\t<div class=\"cz_image clr cz_image_no_fx center_on_mobile\">\r\n\r\n\t\t\t<div>\r\n\r\n\t\t\t\t<div class=\"cz_image_in\">\r\n\r\n\t\t\t\t\t<div class=\"cz_main_image\"><img fetchpriority=\"high\" decoding=\"async\" width=\"683\" height=\"1024\" src=\"data:image\/svg+xml,%3Csvg%20xmlns%3D&#39;http%3A%2F%2Fwww.w3.org%2F2000%2Fsvg&#39;%20width=&#39;683&#39;%20height=&#39;1024&#39;%20viewBox%3D&#39;0%200%20683%201024&#39;%2F%3E\" data-czlz data-src=\"https:\/\/shadysafwat-neuroclinic.com\/wp-content\/uploads\/2025\/03\/Untitled-design-6-683x1024.png\" class=\"attachment-large size-large wp-image-2137\" alt=\"\" data-srcset=\"https:\/\/shadysafwat-neuroclinic.com\/wp-content\/uploads\/2025\/03\/Untitled-design-6-683x1024.png 683w, https:\/\/shadysafwat-neuroclinic.com\/wp-content\/uploads\/2025\/03\/Untitled-design-6-200x300.png 200w, https:\/\/shadysafwat-neuroclinic.com\/wp-content\/uploads\/2025\/03\/Untitled-design-6-768x1151.png 768w, https:\/\/shadysafwat-neuroclinic.com\/wp-content\/uploads\/2025\/03\/Untitled-design-6-600x899.png 600w, https:\/\/shadysafwat-neuroclinic.com\/wp-content\/uploads\/2025\/03\/Untitled-design-6-1000x1499.png 1000w, https:\/\/shadysafwat-neuroclinic.com\/wp-content\/uploads\/2025\/03\/Untitled-design-6.png 1025w\" data-sizes=\"(max-width: 683px) 100vw, 683px\" \/><\/div>\r\n\r\n\t\t\t\t\t<div class=\"cz_hover_image\"><img fetchpriority=\"high\" decoding=\"async\" width=\"683\" height=\"1024\" src=\"data:image\/svg+xml,%3Csvg%20xmlns%3D&#39;http%3A%2F%2Fwww.w3.org%2F2000%2Fsvg&#39;%20width=&#39;683&#39;%20height=&#39;1024&#39;%20viewBox%3D&#39;0%200%20683%201024&#39;%2F%3E\" data-czlz data-src=\"https:\/\/shadysafwat-neuroclinic.com\/wp-content\/uploads\/2025\/03\/Untitled-design-6-683x1024.png\" class=\"attachment-large size-large wp-image-2137\" alt=\"\" data-srcset=\"https:\/\/shadysafwat-neuroclinic.com\/wp-content\/uploads\/2025\/03\/Untitled-design-6-683x1024.png 683w, https:\/\/shadysafwat-neuroclinic.com\/wp-content\/uploads\/2025\/03\/Untitled-design-6-200x300.png 200w, https:\/\/shadysafwat-neuroclinic.com\/wp-content\/uploads\/2025\/03\/Untitled-design-6-768x1151.png 768w, https:\/\/shadysafwat-neuroclinic.com\/wp-content\/uploads\/2025\/03\/Untitled-design-6-600x899.png 600w, https:\/\/shadysafwat-neuroclinic.com\/wp-content\/uploads\/2025\/03\/Untitled-design-6-1000x1499.png 1000w, https:\/\/shadysafwat-neuroclinic.com\/wp-content\/uploads\/2025\/03\/Untitled-design-6.png 1025w\" data-sizes=\"(max-width: 683px) 100vw, 683px\" \/><\/div>\r\n\t\t\t\t<\/div>\r\n\r\n\t\t\t\t\r\n\t\t\t<\/div>\r\n\r\n\t\t<\/div>\r\n\r\n\t\t\t\t\t\t<\/div>\n\t\t\t\t<\/div>\n\t\t\t\t\t<\/div>\n\t\t<\/div>\n\t\t\t\t<div class=\"elementor-column elementor-col-50 elementor-inner-column elementor-element elementor-element-3c29ab11\" data-id=\"3c29ab11\" data-element_type=\"column\">\n\t\t\t<div class=\"elementor-widget-wrap elementor-element-populated\">\n\t\t\t\t\t\t<div class=\"elementor-element elementor-element-6ae7d184 elementor-widget elementor-widget-cz_gap\" data-id=\"6ae7d184\" data-element_type=\"widget\" data-widget_type=\"cz_gap.default\">\n\t\t\t\t<div class=\"elementor-widget-container\">\n\t\t\t\t\t<div class=\"cz_gap clr\"><\/div>\t\t\t\t<\/div>\n\t\t\t\t<\/div>\n\t\t\t\t<div class=\"elementor-element elementor-element-16410072 elementor-widget elementor-widget-cz_title\" data-id=\"16410072\" data-element_type=\"widget\" data-settings=\"{&quot;_animation_mobile&quot;:&quot;fadeIn&quot;}\" data-widget_type=\"cz_title.default\">\n\t\t\t\t<div class=\"elementor-widget-container\">\n\t\t\t\t\t\t\r\n\t\t<div>\r\n\t\t\t<div class=\"cz_title clr cz_mobile_text_center cz_title_pos_center\"><div class=\"cz_title_content\"><div class=\"cz_wpe_content\"><h3><span style=\"font-size: 36px; color: #ffffff;\"><strong>Buch <\/strong><\/span><span style=\"font-size: 36px;\"><strong>Termin<\/strong><\/span><\/h3><\/div><\/div><\/div>\r\n\t\t<\/div>\r\n\t\t\r\n\t\t\t\t\t\t<\/div>\n\t\t\t\t<\/div>\n\t\t\t\t<div class=\"elementor-element elementor-element-2bb9d376 elementor-widget elementor-widget-cz_gap\" data-id=\"2bb9d376\" data-element_type=\"widget\" data-widget_type=\"cz_gap.default\">\n\t\t\t\t<div class=\"elementor-widget-container\">\n\t\t\t\t\t<div class=\"cz_gap clr\"><\/div>\t\t\t\t<\/div>\n\t\t\t\t<\/div>\n\t\t\t\t<div class=\"elementor-element elementor-element-24cf2ce6 elementor-widget__width-initial elementor-widget elementor-widget-cz_contact_form_7\" data-id=\"24cf2ce6\" data-element_type=\"widget\" data-settings=\"{&quot;_animation_mobile&quot;:&quot;zoomInUp&quot;}\" data-widget_type=\"cz_contact_form_7.default\">\n\t\t\t\t<div class=\"elementor-widget-container\">\n\t\t\t\t\t\t\t<div class=\"cz_cf7 clr\">\r\n\t\t\t<div>\n<div class=\"wpcf7 no-js\" id=\"wpcf7-f2068-o1\" lang=\"ar\" dir=\"rtl\" data-wpcf7-id=\"2068\">\n<div class=\"screen-reader-response\"><p role=\"status\" aria-live=\"polite\" aria-atomic=\"true\"><\/p> <ul><\/ul><\/div>\n<form action=\"\/de\/wp-json\/wp\/v2\/pages\/882#wpcf7-f2068-o1\" method=\"post\" class=\"wpcf7-form init\" aria-label=\"\u0646\u0645\u0648\u0630\u062c \u0627\u0644\u0627\u062a\u0635\u0627\u0644\" novalidate=\"novalidate\" data-status=\"init\" data-trp-original-action=\"\/de\/wp-json\/wp\/v2\/pages\/882#wpcf7-f2068-o1\">\n<fieldset class=\"hidden-fields-container\"><input type=\"hidden\" name=\"_wpcf7\" value=\"2068\" \/><input type=\"hidden\" name=\"_wpcf7_version\" value=\"6.1.4\" \/><input type=\"hidden\" name=\"_wpcf7_locale\" value=\"ar\" \/><input type=\"hidden\" name=\"_wpcf7_unit_tag\" value=\"wpcf7-f2068-o1\" \/><input type=\"hidden\" name=\"_wpcf7_container_post\" value=\"0\" \/><input type=\"hidden\" name=\"_wpcf7_posted_data_hash\" value=\"\" \/>\n<\/fieldset>\n<p><label> Ihr Name<br \/>\n<span class=\"wpcf7-form-control-wrap\" data-name=\"your-name\"><input size=\"40\" maxlength=\"400\" class=\"wpcf7-form-control wpcf7-text wpcf7-validates-as-required\" autocomplete=\"name\" aria-required=\"true\" aria-invalid=\"false\" value=\"\" type=\"text\" name=\"your-name\" \/><\/span> <\/label>\n<\/p>\n<p><label> Telefon<br \/>\n<span class=\"wpcf7-form-control-wrap\" data-name=\"tel-414\"><input size=\"40\" maxlength=\"400\" class=\"wpcf7-form-control wpcf7-tel wpcf7-validates-as-required wpcf7-text wpcf7-validates-as-tel\" aria-required=\"true\" aria-invalid=\"false\" value=\"\" type=\"tel\" name=\"tel-414\" \/><\/span> <\/label><br \/>\n<label> Ihre Nachricht (optional)<br \/>\n<span class=\"wpcf7-form-control-wrap\" data-name=\"your-message\"><textarea cols=\"40\" rows=\"10\" maxlength=\"2000\" class=\"wpcf7-form-control wpcf7-textarea\" aria-invalid=\"false\" name=\"your-message\"><\/textarea><\/span> <\/label>\n<\/p>\n<p><input class=\"wpcf7-form-control wpcf7-submit has-spinner\" type=\"submit\" value=\"Senden\" \/>\n<\/p><div class=\"wpcf7-response-output\" aria-hidden=\"true\"><\/div>\n<input type=\"hidden\" name=\"trp-form-language\" value=\"de\"\/><\/form>\n<\/div>\n<\/div>\r\n\t\t<\/div>\r\n\t\t\t\t\t\t<\/div>\n\t\t\t\t<\/div>\n\t\t\t\t\t<\/div>\n\t\t<\/div>\n\t\t\t\t\t<\/div>\n\t\t<\/section>\n\t\t\t\t\t<\/div>\n\t\t<\/div>\n\t\t\t\t\t<\/div>\n\t\t<\/section>\n\t\t<div class=\"elementor-element elementor-element-5de7263 e-flex e-con-boxed e-con e-parent\" data-id=\"5de7263\" data-element_type=\"container\">\n\t\t\t\t\t<div class=\"e-con-inner\">\n\t\t\t\t<div class=\"elementor-element elementor-element-5e39d85 elementor-widget elementor-widget-cz_gap\" data-id=\"5e39d85\" data-element_type=\"widget\" data-widget_type=\"cz_gap.default\">\n\t\t\t\t<div class=\"elementor-widget-container\">\n\t\t\t\t\t<div class=\"cz_gap clr\"><\/div>\t\t\t\t<\/div>\n\t\t\t\t<\/div>\n\t\t\t\t\t<\/div>\n\t\t\t\t<\/div>\n\t\t\t\t<\/div>","protected":false},"excerpt":{"rendered":"<p>\u062e\u062f\u0645\u0627\u062a\u0646\u0627 \u0623\u0641\u0636\u0644 \u0645\u0631\u0643\u0632 \u0637\u0628\u064a \u064a\u062a\u0645\u062a\u0639 \u0628\u062e\u0628\u0631\u0629 \u062a\u0632\u064a\u062f \u0639\u0646 18 \u0639\u0627\u0645\u064b\u0627 \u0627\u0636\u0637\u0631\u0627\u0628\u0627\u062a &#8230; <\/p>","protected":false},"author":1,"featured_media":0,"parent":0,"menu_order":0,"comment_status":"closed","ping_status":"closed","template":"","meta":{"footnotes":""},"class_list":["post-882","page","type-page","status-publish","hentry"],"_links":{"self":[{"href":"https:\/\/shadysafwat-neuroclinic.com\/de\/wp-json\/wp\/v2\/pages\/882","targetHints":{"allow":["GET"]}}],"collection":[{"href":"https:\/\/shadysafwat-neuroclinic.com\/de\/wp-json\/wp\/v2\/pages"}],"about":[{"href":"https:\/\/shadysafwat-neuroclinic.com\/de\/wp-json\/wp\/v2\/types\/page"}],"author":[{"embeddable":true,"href":"https:\/\/shadysafwat-neuroclinic.com\/de\/wp-json\/wp\/v2\/users\/1"}],"replies":[{"embeddable":true,"href":"https:\/\/shadysafwat-neuroclinic.com\/de\/wp-json\/wp\/v2\/comments?post=882"}],"version-history":[{"count":51,"href":"https:\/\/shadysafwat-neuroclinic.com\/de\/wp-json\/wp\/v2\/pages\/882\/revisions"}],"predecessor-version":[{"id":2844,"href":"https:\/\/shadysafwat-neuroclinic.com\/de\/wp-json\/wp\/v2\/pages\/882\/revisions\/2844"}],"wp:attachment":[{"href":"https:\/\/shadysafwat-neuroclinic.com\/de\/wp-json\/wp\/v2\/media?parent=882"}],"curies":[{"name":"wp","href":"https:\/\/api.w.org\/{rel}","templated":true}]}}